{"id":18,"date":"2015-10-06T20:11:16","date_gmt":"2015-10-06T19:11:16","guid":{"rendered":"http:\/\/www.ecosys.com\/?page_id=18"},"modified":"2019-06-21T09:34:21","modified_gmt":"2019-06-21T08:34:21","slug":"in-memoriam","status":"publish","type":"page","link":"https:\/\/www.ecosys.com\/en\/bureau\/in-memoriam\/","title":{"rendered":"In Memoriam"},"content":{"rendered":"<p><\/p>\n<h1>Gonzague Pillet<\/h1>\n<p>Prof. Gonzague Pillet founded ecosys in\u00a01988. His work has greatly contributed to developing Environmental Economics and Ecological Economics through his introduction of new concepts and their application.<\/p>\n<p>Gonzague Pillet was Professor at the University of Fribourg and at the University of Geneva. He died in October 2007 in Geneva.<\/p>\n<p>This page lists some of his work and publications. Beyond his numerous scientific achievements and contributions, Gonzague enjoyed painting. He painted landscapes\u00a0from Maghreb, which he loved so much. Several times, he included\u00a0scarabs in his paintings; this insect\u00a0symbolises renewal &#8211; as it is a natural recycler &#8211; and is therefore an appropriate emblem for the company.<\/p>\n<p>&nbsp;<\/p>\n<p><strong>Commemorative articles about\u00a0Gonzague Pillet<\/strong><\/p>\n<ul>\n<li><a href=\"http:\/\/www.ecosys.com\/wp-content\/uploads\/2015\/10\/G_Pillet_241207_UK_3.doc\" target=\"_blank\" rel=\"noopener noreferrer\">In memoriam by Fran\u00e7ois Levarlet, David Maradan, Jean-Louis Pasquier and Franck-Dominique Vivien<\/a><\/li>\n<li><a href=\"http:\/\/www.ecosys.com\/wp-content\/uploads\/2015\/10\/Gonzague-Pillet-LeTemps.doc\" target=\"_blank\" rel=\"noopener noreferrer\">In memoriam by A. Baranzini, B. Buergenmeier and R. Longet, Le Temps, Nov. 2007<\/a><\/li>\n<li><a href=\"http:\/\/www.ecosys.com\/wp-content\/uploads\/2015\/10\/Ecosys-R.-Longet-13.6.19.pdf\" target=\"_blank\" rel=\"noopener noreferrer\">Speech written by R. Longet for the 30 year celebration of ecosys<\/a><\/li>\n<\/ul>\n<p>&nbsp;<\/p>\n<p><strong>Writings by\u00a0G. Pillet<\/strong><\/p>\n<div class=\"half\">\n<p><strong><span class=\"gras\">Le Nomade et l&#8217;Eboueur expliqu\u00e9 \u00e0 mes petits-enfants<\/span>\u00a0| 2009<\/strong><br \/>\n<span class=\"gras\">Les richesses de terre, d&#8217;or, d&#8217;orgueil, de feu, de nature \u2013 d&#8217;\u00e9conomie et d&#8217;\u00e9cologie<\/span>\u00a0\u2013 \u00e9clair\u00e9es et illustr\u00e9es par Gonzague Pillet dans leurs tenants et aboutissants les plus curieux.<\/p>\n<p><strong><span class=\"gras\">Economie de l&#8217;environnement | Ecologie de l&#8217;\u00e9conomie<\/span>, Helbing &amp; Lichtenhahn, B\u00e2le | 2006<\/strong><br \/>\nCet ouvrage fait la part de l&#8217;\u00e9conomie et de l&#8217;\u00e9cologie sous deux angles compl\u00e9mentaires. Il \u00e9claire, d&#8217;un c\u00f4t\u00e9, les effets \u00e9conomiques des impacts de nos activit\u00e9s sur l&#8217;environnement (via les externalit\u00e9s) et, de l&#8217;autre, les contributions des \u00e9cosyst\u00e8mes \u00e0 ces derni\u00e8res (\u00e0 travers les emternalit\u00e9s).<\/p>\n<p><strong><span class=\"gras\">Reforming Transport Taxes<\/span>, Efficient Transport Taxes and Charges, OECD, Paris | 2003 &amp; 2000<\/strong><br \/>\nThese reports examine the economic principles for efficient systems of taxation and provide a framework for international comparisons of transport taxes and charges. Versions fran\u00e7aises : OCDE, Paris | 2000 | 2003&lt; strong&gt;<span class=\"gras\">L&#8217;Efficace, le Juste et l&#8217;Ecologique<\/span>, Helbing &amp; Lichtenhahn, B\u00e2le | 2001<br \/>\nOuvrage majeur de Gonzague Pillet r\u00e9unissant les principes normatifs fondateurs permettant de juger un \u00e9tat possible de l&#8217;\u00e9conomie comme \u00e9tant non seulement efficace, mais encore juste et \u00e9colo-gique.<\/p>\n<p><strong><span class=\"gras\">R\u00e9forme fiscale \u00e9cologique<\/span>, Helbing &amp; Lichtenhahn, B\u00e2le | 2001<\/strong><br \/>\nPour mieux prendre en compte l&#8217;environnement, la fiscalit\u00e9 courante est r\u00e9form\u00e9e dans un sens \u00e9cologique. Cet ouvrage collectif expose les fondements de la fiscalit\u00e9 \u00e9cologique et propose plusieurs applications.<\/p>\n<p><strong><span class=\"gras\">Le secteur \u00e9co-industriel en Suisse<\/span>, Office f\u00e9d\u00e9ral de la statistique | 2000<\/strong><br \/>\nCe rapport Ecosys pr\u00e9sente statistiquement parlant la place que l&#8217;\u00e9co-industrie occupe \u2013 via les grandeurs fournies par la comptabilit\u00e9 nationale (emplois, valeur ajout\u00e9e) \u2013 dans l&#8217;ensemble des activit\u00e9s \u00e9conomiques de la Suisse.\u00a0Version en langue allemande : Der \u00d6koindustrielle Sektor in der Schweiz<\/p>\n<p><strong><span class=\"gras\">Le Nomade et l&#8217;Eboueur<\/span>, Georg, Gen\u00e8ve | 1997<\/strong><br \/>\nDans cet essai, Gonzague Pillet d\u00e9voile les diverses facettes de la richesse dans le monde occidental et convoque \u00e0 ce proc\u00e8s une foule bigarr\u00e9e de t\u00e9moins : Orph\u00e9e, Diog\u00e8ne, Moli\u00e8re et Foucault, l&#8217;Eccl\u00e9\u00adsiaste, Rousseau et Mozart \u2013 sans oublier les \u00e9crits des \u00e9conomistes.<\/p>\n<p><strong><span class=\"gras\">Economia Ecol\u00f3gica<\/span>, Instituto Piaget, Lisboa | 1997<\/strong><br \/>\nObra que se apresenta em tr\u00eas partes : primeiramente, a economia do ambiente, depois os bens e servi\u00e7os do ambiente e, em terceiro lugar, s\u00e3o introduzidos os primeiros princ\u00edpios da economia ecol\u00f3gica. Version originale en fran\u00e7ais de Gonzague Pillet : Economie \u00e9cologique | Georg, Gen\u00e8ve | 1993<\/p>\n<p><strong>\u00c9conomie \u00e9cologique | 1993<\/strong><br \/>\n<span class=\"gras\">Introduction \u00e0 l&#8217;\u00e9conomie de l&#8217;environnement et des ressources naturelles<\/span>. Georg. Gen\u00e8ve, 223 pp.<\/p>\n<\/div>\n<div class=\"half\">\n<p><strong><span class=\"gras\">Comptes \u00e9conomiques de l&#8217;environnement<\/span>, Office f\u00e9d\u00e9ral de la statistique | 1992<\/strong><br \/>\nPremier ouvrage, en Suisse, ayant r\u00e9pondu \u00e0 la question de l&#8217;introduction de l&#8217;environnement dans la comptabilit\u00e9 nationale, notamment via un compte satellite, et d\u00e9battu des multiples relations statistiques entre \u00e9conomie et environnement.<\/p>\n<p><strong>Version en langue allemande : \u00d6konomische Umweltkonten\u00a0<span class=\"gras\">Les sols<\/span>, Georg, Gen\u00e8ve | 1989, r\u00e9\u00e9d. 1993<\/strong><br \/>\nGonzague Pillet et Ren\u00e9 Longet pr\u00e9sentent dans ce \u00ab Dossier de l&#8217;environnement \u00bb une introduction \u00e0 la connaissance des sols et de leur \u00e9volution sous le sous-titre : faciles \u00e0 perdre, difficiles \u00e0 regagner.Pillet, G. et R. Longet,<span class=\"gras\">\u00a0Les sols<\/span>\u00a0\u2013 faciles \u00e0 perdre, difficiles \u00e0 rega\u00acgner. Collection SPE Dossiers de l&#8217;environnement. Georg, Gen\u00e8ve, 1989, 135 pp., fig., tabl., bibl.<\/p>\n<p><strong><span class=\"gras\">Environmental Economics \u2013 The Analysis of a Major Interface<\/span>, Leimbruber, Geneva | 1987<\/strong><br \/>\nEdit\u00e9 par Gonzague Pillet et Takeshi Murota, cet ouvrage r\u00e9unit plusieurs contributions visant \u00e0 analyser en termes \u00e9conomiques et \u00e9nerg\u00e9tiques les relations crois\u00e9es entre \u00e9conomie et environnement. C&#8217;est dans cet ouvrage que fut publi\u00e9 pour la premi\u00e8re fois le terme \u00ab eMergy \u00bb (D. Scienceman)<\/p>\n<p><strong><span class=\"gras\">E3 Energie, Ecologie, Economie<\/span>, Georg, Gen\u00e8ve | 1987<\/strong><br \/>\nLes auteurs (Gonzague Pillet et Howard T. Odum) \u00e9tablissent un passage m\u00e9thodique entre l&#8217;\u00e9cologie et l&#8217;\u00e9conomie. La traverse qu&#8217;ils empruntent est celle de l&#8217;\u00e9nergie au sens de la m\u00e9moire \u00e9nergique des choses, ou \u00ab \u00e9Mergie \u00bb.<\/p>\n<p><strong>Environmental Economics | 1987<\/strong><br \/>\n<span class=\"gras\">The Analysis of a Major Interface.<\/span>\u00a0Pillet, G. and T. Murota (eds), Geneva, x + 307 pp., fig., tabl., bibl.<\/p>\n<p><strong><span class=\"gras\">Fragments d&#8217;\u00e9cologie humaine<\/span>, Editions de l&#8217;Universit\u00e9 de Bruxelles | 1985<\/strong><br \/>\nPascal Amphoux et Gonzague Pillet rel\u00e8vent \u00e0 leur mani\u00e8re, dans cet ouvrage, divers passages entre sciences de la nature et sciences de la soci\u00e9t\u00e9, entre mode technique et monde symbolique.<\/p>\n<p><strong><span class=\"gras\">Les donneurs de temps<\/span>, Castella, Albeuve | 1981<\/strong><br \/>\nUne s\u00e9rie d&#8217;essais, sous la direction de Gonzague Pillet, explorant dans une perspective d&#8217;\u00e9cologie humaine \u2013 c&#8217;est-\u00e0-dire au-del\u00e0 des cat\u00e9gories ordinaires de mesure, de rythme ou d&#8217;horloge \u2013 les dimensions du temps, notamment bio-sociales.<\/p>\n<\/div>\n<div class=\"clear\"><\/div>\n<p><\/p>","protected":false},"excerpt":{"rendered":"Gonzague Pillet Prof. Gonzague Pillet founded ecosys in\u00a01988. His work has greatly contributed to developing Environmental Economics and Ecological Economics through his introduction of new concepts and their application. Gonzague Pillet was Professor at the University of Fribourg and at the University of Geneva. He died in October 2007 in Geneva. This page lists some&#8230; <a class=\"view-article\" href=\"https:\/\/www.ecosys.com\/en\/bureau\/in-memoriam\/\">View Article<\/a>","protected":false},"author":1,"featured_media":0,"parent":2,"menu_order":0,"comment_status":"open","ping_status":"open","template":"template_basic_scara.php","meta":{"footnotes":""},"class_list":["post-18","page","type-page","status-publish","hentry"],"_links":{"self":[{"href":"https:\/\/www.ecosys.com\/en\/wp-json\/wp\/v2\/pages\/18","targetHints":{"allow":["GET"]}}],"collection":[{"href":"https:\/\/www.ecosys.com\/en\/wp-json\/wp\/v2\/pages"}],"about":[{"href":"https:\/\/www.ecosys.com\/en\/wp-json\/wp\/v2\/types\/page"}],"author":[{"embeddable":true,"href":"https:\/\/www.ecosys.com\/en\/wp-json\/wp\/v2\/users\/1"}],"replies":[{"embeddable":true,"href":"https:\/\/www.ecosys.com\/en\/wp-json\/wp\/v2\/comments?post=18"}],"version-history":[{"count":71,"href":"https:\/\/www.ecosys.com\/en\/wp-json\/wp\/v2\/pages\/18\/revisions"}],"predecessor-version":[{"id":1368,"href":"https:\/\/www.ecosys.com\/en\/wp-json\/wp\/v2\/pages\/18\/revisions\/1368"}],"up":[{"embeddable":true,"href":"https:\/\/www.ecosys.com\/en\/wp-json\/wp\/v2\/pages\/2"}],"wp:attachment":[{"href":"https:\/\/www.ecosys.com\/en\/wp-json\/wp\/v2\/media?parent=18"}],"curies":[{"name":"wp","href":"https:\/\/api.w.org\/{rel}","templated":true}]}}